{"id":1668,"date":"2025-07-16T11:25:03","date_gmt":"2025-07-16T09:25:03","guid":{"rendered":"https:\/\/development.gsh-grosshandel.de\/?page_id=1668"},"modified":"2025-07-16T11:25:03","modified_gmt":"2025-07-16T09:25:03","slug":"impressum","status":"publish","type":"page","link":"https:\/\/gsh-grosshandel.de\/en\/impressum\/","title":{"rendered":"Legal notice"},"content":{"rendered":"<section class=\"l-section wpb_row height_medium\"><div class=\"l-section-h i-cf\"><div class=\"g-cols vc_row via_grid cols_1 laptops-cols_inherit tablets-cols_inherit mobiles-cols_1 valign_top type_default stacking_default\"><div class=\"wpb_column vc_column_container\"><div class=\"vc_column-inner\"><h1 class=\"w-text\"><span class=\"w-text-h\"><span class=\"w-text-value\">Legal notice<\/span><\/span><\/h1><div class=\"wpb_text_column\"><div class=\"wpb_wrapper\"><p><strong>GSH Grafschafter Splitt Handel GmbH<\/strong><\/p>\n<p>Mittelesch 4<br \/>\n49849 Wilsum<br \/>\nTelefon: 05945 \u2013 299993 \u2013 0 Telefax: 05945 \u2013 299993 \u2013 19<br \/>\nE-Mail: <a href=\"mailto:info@splitthandel.de\">info@splitthandel.de<\/a><\/p>\n<p><strong>Gesch\u00e4ftsf\u00fchrer:<\/strong><br \/>\nGuido Brink-Spalink<\/p>\n<p><strong>Amtsgericht:<\/strong><br \/>\nOsnabr\u00fcck HRB-NR.: 201129<br \/>\nSteuer-Nr: 2355 05520615418<br \/>\nUSt-IdNr.: DE 253223724<\/p>\n<p>Internet: <a href=\"http:\/\/www.splitthandel.de\">www.splitthandel.de<\/a><\/p>\n<p><strong>Urheberrechtshinweise:<\/strong><br \/>\nAlle Texte, Bilder sowie das Layout dieser Site sind urheberrechtlich gesch\u00fctzt. Die Verwendung der Inhalte dieser Internetseite bed\u00fcrfen einer schriftlichen Genehmigung durch den Verantwortlichen dieser Seite. Die auf dieser Internetseite genannten Produktbezeichnungen oder Firmennamen sind Eigentum der jeweiligen Inhaber und unter-liegen als solche dem gesetzlichen warenzeichen-, marken- und\/oder patentrechtlichen Schutz.<\/p>\n<p>Ein Gegendarstellungsanspruch gilt nur im Sinne des \u00a710 MDStV.<\/p>\n<p><strong>Haftungsausschluss:<\/strong><br \/>\nDie Inhalte dieser Website sind nach bestem Wissen und Gewissen zusammengestellt worden. Eine Haftung f\u00fcr die Vollst\u00e4ndigkeit, Aktualit\u00e4t und die Richtigkeit der Inhalte wird in keinem Fall \u00fcber-nommen.<\/p>\n<p>Die Inhalte anderer Websites, auf die diese Internetseite mit Hyperlinks verweist, entziehen sich der Kontrolle und Verantwort-lichkeit des Verantwortlichen dieser Site. Wenn Sie diesen Links folgen, dann tun Sie das auf eigene Gefahr.<\/p>\n<p><strong>Salvatorische Klausel:<\/strong><br \/>\nIst eine der vorstehenden Klauseln\/ Bestimmungen aufgrund gesetzlicher Bestimmungen, Vorschriften oder Gesetzes-\u00e4nderungen ganz oder teilweise unwirksam, so tritt an Stelle dieser Bestimmung diejenige in Kraft, die der angestrebten Absicht der Klausel\/Bestimmung am n\u00e4chsten kommt. Alle anderen Bestimmungen bleiben hiervon unber\u00fchrt und gelten weiterhin in vollem Umfang.<\/p>\n<p><strong>Streitbeilegungsverfahren:<\/strong><br \/>\nWir nehmen nicht an einem Streitbeilegungsverfahren vor einer Verbraucherschlichtungsstelle teil.<\/p>\n<\/div><\/div><\/div><\/div><\/div><\/div><\/section>","protected":false},"excerpt":{"rendered":"ImpressumGSH Grafschafter Splitt Handel GmbH Mittelesch 4 49849 Wilsum Telefon: 05945 \u2013 299993 \u2013 0 Telefax: 05945 \u2013 299993 \u2013 19 E-Mail: info@splitthandel.de Gesch\u00e4ftsf\u00fchrer: Guido Brink-Spalink Amtsgericht: Osnabr\u00fcck HRB-NR.: 201129 Steuer-Nr: 2355 05520615418 USt-IdNr.: DE 253223724 Internet: www.splitthandel.de Urheberrechtshinweise: Alle Texte, Bilder sowie das Layout dieser Site sind urheberrechtlich gesch\u00fctzt. Die Verwendung der Inhalte dieser...","protected":false},"author":1,"featured_media":0,"parent":0,"menu_order":0,"comment_status":"closed","ping_status":"closed","template":"","meta":{"_acf_changed":false,"footnotes":""},"class_list":["post-1668","page","type-page","status-publish","hentry"],"acf":[],"_links":{"self":[{"href":"https:\/\/gsh-grosshandel.de\/en\/wp-json\/wp\/v2\/pages\/1668","targetHints":{"allow":["GET"]}}],"collection":[{"href":"https:\/\/gsh-grosshandel.de\/en\/wp-json\/wp\/v2\/pages"}],"about":[{"href":"https:\/\/gsh-grosshandel.de\/en\/wp-json\/wp\/v2\/types\/page"}],"author":[{"embeddable":true,"href":"https:\/\/gsh-grosshandel.de\/en\/wp-json\/wp\/v2\/users\/1"}],"replies":[{"embeddable":true,"href":"https:\/\/gsh-grosshandel.de\/en\/wp-json\/wp\/v2\/comments?post=1668"}],"version-history":[{"count":1,"href":"https:\/\/gsh-grosshandel.de\/en\/wp-json\/wp\/v2\/pages\/1668\/revisions"}],"predecessor-version":[{"id":1669,"href":"https:\/\/gsh-grosshandel.de\/en\/wp-json\/wp\/v2\/pages\/1668\/revisions\/1669"}],"wp:attachment":[{"href":"https:\/\/gsh-grosshandel.de\/en\/wp-json\/wp\/v2\/media?parent=1668"}],"curies":[{"name":"wp","href":"https:\/\/api.w.org\/{rel}","templated":true}]}}