{"id":1672,"date":"2025-07-16T11:28:48","date_gmt":"2025-07-16T09:28:48","guid":{"rendered":"https:\/\/development.gsh-grosshandel.de\/?page_id=1672"},"modified":"2025-07-16T11:28:48","modified_gmt":"2025-07-16T09:28:48","slug":"agb","status":"publish","type":"page","link":"https:\/\/gsh-grosshandel.de\/en\/agb\/","title":{"rendered":"AGB"},"content":{"rendered":"<section class=\"l-section wpb_row height_medium\"><div class=\"l-section-h i-cf\"><div class=\"g-cols vc_row via_grid cols_1 laptops-cols_inherit tablets-cols_inherit mobiles-cols_1 valign_top type_default stacking_default\"><div class=\"wpb_column vc_column_container\"><div class=\"vc_column-inner\"><div class=\"w-text\"><span class=\"w-text-h\"><span class=\"w-text-value\">AGB<\/span><\/span><\/div><div class=\"wpb_text_column\"><div class=\"wpb_wrapper\"><p><b>\u00a71 Geltungsbereich<\/b><\/p>\n<p><span style=\"font-weight: 400;\">(1) Diese Allgemeinen Gesch\u00e4ftsbedingungen gelten f\u00fcr s\u00e4mtliche Vertr\u00e4ge unseres Unternehmens, der GSH Splitt Handel GmbH (im Folgenden: GSH) mit Unternehmern, juristischen Personen des \u00f6ffentlichen Rechts oder \u00f6ffentlich-rechtlichen Sonderverm\u00f6gen im Sinne von \u00a7 310 Abs. 1 B\u00fcrgerliches Gesetzbuch (BGB) und sind Bestandteil dieser Vertr\u00e4ge.<\/span><\/p>\n<p><span style=\"font-weight: 400;\">(2) Entgegenstehende oder von unseren Allgemeinen Gesch\u00e4ftsbedingungen abweichende<\/span><\/p>\n<p><span style=\"font-weight: 400;\">Bedingungen des Kunden erkennen wir nur an, wenn wir ausdr\u00fccklich in Schrift- oder Textform der Geltung zustimmen.<\/span><\/p>\n<p><span style=\"font-weight: 400;\">(3) Diese allgemeinen Gesch\u00e4ftsbedingungen gelten auch f\u00fcr alle zuk\u00fcnftigen Gesch\u00e4fte mit dem Kunden.<\/span><\/p>\n<p><span style=\"font-weight: 400;\">(4) Die nachfolgenden Regelungen gelten ausdr\u00fccklich nicht f\u00fcr Vertr\u00e4ge, die zwischen der GSH und unseren Lieferanten abgeschlossen werden.<\/span><\/p>\n<p><span style=\"font-weight: 400;\">(5) Die nachfolgenden Regelungen geltend auch f\u00fcr zuk\u00fcnftige Gesch\u00e4fte des jeweiligen Kunden mit der GSH, soweit es sich hierbei um Rechtsgesch\u00e4fte verwandter Art handelt.<\/span><\/p>\n<p><span style=\"font-weight: 400;\">(6) Im \u00dcbrigen gelten die nachfolgenden Regelungen f\u00fcr s\u00e4mtliche Bestellungen bei der GSH, sofern die Bedingungen dieses Abschnitts erf\u00fcllt sind und einzelvertraglich nicht ein anderes bestimmt wurde.<\/span><\/p>\n<p><b>\u00a72 Angebot und Vertragsabschluss<\/b><\/p>\n<p><span style=\"font-weight: 400;\">(1) S\u00e4mtliche Angebote unsererseits sind freibleibend. Die zum Angebot geh\u00f6renden Unterlagen wie Abbildungen, Zeichnungen, Gewichts-und Ma\u00dfangaben sowie technische Daten dienen nur der allgemeinen Warenbeschreibung und sind nur ann\u00e4hernd ma\u00dfgebend.<\/span><\/p>\n<p><span style=\"font-weight: 400;\">(2) Sofern eine Bestellung als Angebot gem\u00e4\u00df \u00a7 145 BGB anzusehen ist, k\u00f6nnen wir dieses<\/span><\/p>\n<p><span style=\"font-weight: 400;\">innerhalb von 1 Woche nach Zugang der Bestellung annehmen. Angebote, die wir nicht innerhalb dieses Zeitraums annehmen, gelten als abgelehnt.<\/span><\/p>\n<p><b>\u00a73 Preise und Zahlung<\/b><\/p>\n<p><span style=\"font-weight: 400;\">(1) Sofern nichts Gegenteiliges in Textform vereinbart wird, gelten die unsererseits angegebenen Preise inklusive Verpackung und zuz\u00fcglich Mehrwertsteuer in jeweils g\u00fcltiger H\u00f6he sowie zzgl. etwaiger anderer Z\u00f6lle und \u00f6ffentlicher Abgaben und zzgl. Transportkosten. Die Umsatzsteuer wird gesondert ausgewiesen.<\/span><\/p>\n<p><span style=\"font-weight: 400;\">(2) Die Zahlung des Kaufpreises hat auf eines der in der jeweiligen Rechnung unseres<\/span><\/p>\n<p><span style=\"font-weight: 400;\">Unternehmens genannten Gesch\u00e4ftskonten der GSH unter Angabe der Rechnungsnummer zu<\/span><\/p>\n<p><span style=\"font-weight: 400;\">erfolgen.<\/span><\/p>\n<p><span style=\"font-weight: 400;\">(3) Sofern kein anderes Zahlungsziel auf der jeweiligen Rechnung angegeben ist, hat ein Ausgleich unserer Rechnungen innerhalb von 10 Tagen ab Rechnungszugang zu erfolgen; erfolgt eine Zahlung innerhalb dieser Frist nicht, ger\u00e4t der jeweilige Kunde in Verzug. Bei Verzug des Kunden, sind wir berechtigt, Verzugszinsen in H\u00f6he von 9 % \u00fcber dem jeweiligen Basiszinssatz p.a. und eine Kostenpauschale von 40 Euro zu berechnen. Die Geltendmachung eines h\u00f6heren Verzugsschadens bleibt vorbehalten.<\/span><\/p>\n<p><span style=\"font-weight: 400;\">(4) Ein Skonto-Abzug wird nicht gew\u00e4hrt, es sei denn, zwischen den Parteien ist ausdr\u00fccklich ein solcher vereinbart.<\/span><\/p>\n<p><span style=\"font-weight: 400;\">(5) Eine Zahlung durch Wechsel oder Scheck ist ausgeschlossen, es sei denn dieser Vorgehensweise wird ausdr\u00fccklich unsererseits zugestimmt.<\/span><\/p>\n<p><span style=\"font-weight: 400;\">(6) Zahlungen des Kunden werden auf die jeweils \u00e4lteste offene Forderung verrechnet, es sei denn, der Kunde hat eindeutige Tilgungsbestimmungen getroffen.<\/span><\/p>\n<p><span style=\"font-weight: 400;\">(7) Soweit bei gr\u00f6\u00dferen Auftr\u00e4gen eine Vorauszahlung des Kunden erforderlich ist, wird dies<\/span><\/p>\n<p><span style=\"font-weight: 400;\">einzelvertraglich vereinbart.<\/span><\/p>\n<p><b>\u00a74 Zur\u00fcckbehaltungsrechte \/Aufrechnung<\/b><\/p>\n<p><span style=\"font-weight: 400;\">(1) Zur Aus\u00fcbung eines Zur\u00fcckbehaltungsrechts ist der Kunde nur insoweit befugt, als sein<\/span><\/p>\n<p><span style=\"font-weight: 400;\">Gegenanspruch auf dem gleichen Vertragsverh\u00e4ltnis beruht.<\/span><\/p>\n<p><span style=\"font-weight: 400;\">(2) Der Kunde hat ein Recht zur Aufrechnung nur, wenn seine Gegenanspr\u00fcche rechtskr\u00e4ftig<\/span><\/p>\n<p><span style=\"font-weight: 400;\">festgestellt wurden, unbestritten oder durch uns anerkannt wurden; gleiches gilt f\u00fcr die Aus\u00fcbung eines Zur\u00fcckbehaltungsrechts im Sinne des Abs. 1 dieses Abschnitts.<\/span><\/p>\n<p><b>\u00a75 Lieferzeit<\/b><\/p>\n<p><span style=\"font-weight: 400;\">(1) Der Beginn der von uns angegebenen Lieferzeit setzt die rechtzeitige und ordnungsgem\u00e4\u00dfe Erf\u00fcllung der Verpflichtungen des Kunden voraus. Die Einrede des nicht erf\u00fcllten Vertrages bleibt vorbehalten. mindestens in Textform als verbindlich vereinbart werden, gelten nur ann\u00e4hernd. Die Lieferfrist beginnt mit dem Tag der endg\u00fcltigen Auftragsbest\u00e4tigung bzw. des Kaufvertrages, jedoch nicht vor Klarstellung aller Ausf\u00fchrungseinzelheiten und Erhalt aller Unterlagen, die f\u00fcr die Ausf\u00fchrung des Auftrages erforderlich sind. Vereinbarte Lieferfristen sind f\u00fcr uns in handels\u00fcblicher Weise bindend. Bei \u00dcberschreitung derselben ist uns eine angemessene Nachfrist einzur\u00e4umen. Die Lieferfrist beginnt mit dem Tag R\u00fccksendung der Unterschriebenen Auftragsbest\u00e4tigung. F\u00fcr die Dauer der Pr\u00fcfung von zur Verf\u00fcgung gestellten Materialproben usw. durch den Kunden ist die Lieferzeit jeweils unterbrochen, und zwar vom Tage der Absendung an den Kunden bis zum Tage des Eintreffens seiner Stellungnahme. Verlangt der Kunde nach der Auftragsbest\u00e4tigung \u00c4nderungen des Auftrages, welche den Umfang des Auftrags beeinflussen, so beginnt eine neue Lieferzeit, und zwar erst mit der Best\u00e4tigung der \u00c4nderungen.\u00a0<\/span><\/p>\n<p><span style=\"font-weight: 400;\">(3) Teillieferungen sind grunds\u00e4tzlich zul\u00e4ssig, es sei denn, dass die teilweise Erf\u00fcllung des Vertrages f\u00fcr den Kunden objektiv ohne Interesse ist oder dass er durch diese unzumutbar bel\u00e4stigt oder im Gebrauch des Kaufgegenstandes erheblich beeintr\u00e4chtigt wird.<\/span><\/p>\n<p><span style=\"font-weight: 400;\">(4) Kommt der Kunde in Annahmeverzug oder verletzt er schuldhaft sonstige Mitwirkungspflichten, so sind wir berechtigt, den uns insoweit entstehenden Schaden, einschlie\u00dflich etwaiger Mehraufwendungen ersetzt zu verlangen. Weitergehende Anspr\u00fcche bleiben vorbehalten. Sofern vorstehende Voraussetzungen vorliegen, geht die Gefahr eines zuf\u00e4lligen Untergangs oder einer zuf\u00e4lligen Verschlechterung der Kaufsache in dem Zeitpunkt auf den Kunden \u00fcber, in dem dieser in Annahmeverzug geraten ist.\u00a0<\/span><\/p>\n<p><span style=\"font-weight: 400;\">(5) Sofern Lieferverzug nicht auf einer von uns zu vertretenden vors\u00e4tzlichen oder grob fahrl\u00e4ssigen Vertragsverletzung beruht, ist unsere Schadensersatzhaftung auf den vorhersehbaren, typischerweise eintretenden Schaden begrenzt. Wir haften auch nach den gesetzlichen Bestimmungen, soweit der von uns zu vertretende Lieferverzug auf der schuldhaften Verletzung einer wesentlichen Vertragspflicht beruht; in diesem Fall ist aber die Schadensersatzhaftung auf den vorhersehbaren, typischerweise eintretenden Schaden begrenzt.<\/span><\/p>\n<p><span style=\"font-weight: 400;\">(6) Unvorhergesehene Leistungshindernisse, insbesondere durch Naturkatastrophen, Krieg,<\/span><\/p>\n<p><span style=\"font-weight: 400;\">Blockade, Unruhen, Aufruhr, beh\u00f6rdliche Ma\u00dfnahmen, Transportst\u00f6rungen, Arbeitsk\u00e4mpfe, vom Verk\u00e4ufer nicht zu vertretende Schwierigkeiten in der Beschaffung von Rohstoffen oder<\/span><\/p>\n<p><span style=\"font-weight: 400;\">Zulieferteilen, von GSH nicht zu vertretende Betriebsst\u00f6rungen usw., die einer rechtzeitigen oder sachgem\u00e4\u00dfen Lieferung oder Leistung entgegenstehen, verl\u00e4ngern die Lieferzeiten um die Dauer der Verhinderungszust\u00e4nde. Der Kunde ist von Beeintr\u00e4chtigungen nach den Bestimmungen dieses Absatzes unverz\u00fcglich in Textform zu unterrichten.<\/span><\/p>\n<p><b>\u00a76 Gefahr\u00fcbergang bei Versendung\/Ablieferung auf Baustellen<\/b><\/p>\n<p><span style=\"font-weight: 400;\">(1) Wird die Ware auf Wunsch des Kunden an diesen versandt, so geht mit der Absendung an den Besteller, sp\u00e4testens mit Verlassen unseres Betriebsgel\u00e4ndes\/des Lagers, die Gefahr des zuf\u00e4lligen Untergangs oder der zuf\u00e4lligen Verschlechterung der Ware auf den Kunden \u00fcber. Dies gilt unabh\u00e4ngig davon, ob die Versendung der Ware vom Erf\u00fcllungsort erfolgt oder wer die Transportkosten\/Frachtkosten tr\u00e4gt.<\/span><\/p>\n<p><span style=\"font-weight: 400;\">(2) Ist eine Lieferung der Ware an den Kunden bzw. einen vom Kunden benannten Lieferort<\/span><\/p>\n<p><span style=\"font-weight: 400;\">(Baustelle) vereinbart, obliegt es dem Kunden, daf\u00fcr Sorge zu tragen, dass der Lieferort f\u00fcr schwere LKW (bis zu 40 Tonnen) zug\u00e4nglich ist. Die erforderliche Last wird dem Kunden vorab mitgeteilt. Der Kunde hat, sofern erforderlich, daf\u00fcr Sorge zu tragen, dass f\u00fcr Gewichtsbegrenzungen der jeweiligen Zufahrtswege die notwendigen beh\u00f6rdlichen Genehmigungen eingeholt werden, wobei GSH etwaigen Mitwirkungspflichten, soweit dies f\u00fcr die Einholung beh\u00f6rdlicher Genehmigungen erforderlich ist, auf Mitteilung des Kunden in Textform unverz\u00fcglich nachkommen wird.<\/span><\/p>\n<p><span style=\"font-weight: 400;\">Die Ware wird am Lieferort abgestellt oder abgesch\u00fcttet. Hierzu ist vom Kunden daf\u00fcr Sorge zu tragen, dass am Lieferort eine zur Einweisung geeignete und erm\u00e4chtigte Person f\u00fcr die Anlieferung bereit steht; alternativ kann der Kunde vorab den genauen Abstell- oder Absch\u00fcttungsort beenden und\/oder vor Ort durch ein gut sichtbares Zeichen markieren. F\u00fcr die Geeignetheit f\u00fcr den vom Kunden gew\u00e4hlten Abstell- oder Absch\u00fcttungsort wird unsererseits keinerlei Haftung \u00fcbernommen, es seid denn, die Regelungen dieser AGB bestimmten etwas Gegenteiliges. Sollte bei Lieferung keine Person zur Einweisung anwesend sein und auch kein Abstell- oder Absch\u00fcttungsort benannt und\/oder markiert sein, wird die Ware durch den Lieferanten\/Fahrer an einer Stelle abgestellt oder abgesch\u00fcttet, die seines Erachtens am zweckm\u00e4\u00dfigsten ist. Rein vorsorglich weisen wir darauf hin, dass der Kunde verpflichtet ist, f\u00fcr eine ausreichende Beleuchtung am Lieferort zu sorgen.<\/span><\/p>\n<p><b>\u00a7 7 Beschaffenheit\/Naturprodukte<\/b><\/p>\n<p><span style=\"font-weight: 400;\">Alle Materialien in unserem Angebot sind aus Naturstein oder nat\u00fcrlichen Zusammensetzungen. Bei unseren Naturprodukten, kommt es zu Abweichungen in Farb-, Struktur- oder Korn- und Gesteinsgr\u00f6\u00dfe gegen\u00fcber Mustern oder vorherigen Lieferungen gleicher Produktbezeichnung. Durch Sand-, Lehm und Staubanhaftungen kann es zu Differenzen bei der Umrechnung zwischen dem spezifischen und tats\u00e4chlichen Gewicht kommen. Beim Handel mit Natursteinen sind bis zu 15% Unter- und \u00dcberkorn m\u00f6glich. Rostausbl\u00fchungen sowie nachtr\u00e4gliche Korrosion von Natursteinen k\u00f6nnen auftreten. S\u00e4mtliche in diesem Abschnitt Abweichungen sind naturbedingt und stellen keinen Mangel dar. Im \u00dcbrigen gelten unsere Verkaufshinweise. Diese sind nachzulesen unter https:\/\/splitthandel.de\/wp-content\/uploads\/2019\/10\/vk-hinweise.jpg.<\/span><\/p>\n<p><b>\u00a7 8 Gew\u00e4hrleistung und M\u00e4ngelr\u00fcge sowie R\u00fcckgriff\/Herstellerregress<\/b><\/p>\n<p><span style=\"font-weight: 400;\">(1) Gew\u00e4hrleistungsrechte des Kunden setzen voraus, dass dieser seinen nach \u00a7 377 HGB<\/span><\/p>\n<p><span style=\"font-weight: 400;\">geschuldeten Untersuchungs- und R\u00fcgeobliegenheiten ordnungsgem\u00e4\u00df nachgekommen ist.<\/span><\/p>\n<p><span style=\"font-weight: 400;\">(2) M\u00e4ngelanspr\u00fcche verj\u00e4hren in zw\u00f6lf Monaten nach erfolgter Ablieferung der von uns gelieferten Ware bei unserem Kunden oder Abholung der Ware durch den Kunden ab Werk f\u00fcr Neuware. F\u00fcr Schadensersatzanspr\u00fcche bei Vorsatz und grober Fahrl\u00e4ssigkeit sowie bei Verletzung von Leben, K\u00f6rper und Gesundheit, die auf einer vors\u00e4tzlichen oder fahrl\u00e4ssigen Pflichtverletzung des Verwenders dieser AGB beruhen, gilt die gesetzliche Verj\u00e4hrungsfrist. Soweit das Gesetz gem\u00e4\u00df \u00a7 438 Abs. 1 Nr. 2 BGB (Bauwerke und Sachen f\u00fcr Bauwerke), \u00a7445b BGB (R\u00fcckgriffsanspruch) und \u00a7 634a Abs. 1 BGB (Baum\u00e4ngel) l\u00e4ngere Fristen zwingend vorschreibt, gelten diese Fristen. Vor etwaiger R\u00fccksendung der Ware ist unsere Zustimmung einzuholen.<\/span><\/p>\n<p><span style=\"font-weight: 400;\">(3) Sollte trotz aller aufgewendeter Sorgfalt die gelieferte Ware einen Mangel aufweisen, der<\/span><\/p>\n<p><span style=\"font-weight: 400;\">bereits zum Zeitpunkt des Gefahr\u00fcbergangs vorlag, so werden wir die Ware, vorbehaltlich<\/span><\/p>\n<p><span style=\"font-weight: 400;\">fristgerechter M\u00e4ngelr\u00fcge nach unserer Wahl nachbessern oder Ersatzware liefern. Es ist uns<\/span><\/p>\n<p><span style=\"font-weight: 400;\">stets Gelegenheit zur Nacherf\u00fcllung innerhalb angemessener Frist zu geben.<\/span><\/p>\n<p><span style=\"font-weight: 400;\">R\u00fcckgriffsanspr\u00fcche bleiben von vorstehender Regelung ohne Einschr\u00e4nkung unber\u00fchrt.<\/span><\/p>\n<p><span style=\"font-weight: 400;\">(4) Schl\u00e4gt die Nacherf\u00fcllung fehl, kann der Kunde &#8211; unbeschadet etwaiger<\/span><\/p>\n<p><span style=\"font-weight: 400;\">Schadensersatzanspr\u00fcche vom Vertrag zur\u00fccktreten oder die Verg\u00fctung mindern.<\/span><\/p>\n<p><span style=\"font-weight: 400;\">(5) M\u00e4ngelanspr\u00fcche bestehen nicht<\/span><\/p>\n<ol>\n<li><span style=\"font-weight: 400;\">a) bei nur unerheblicher Abweichung von der vereinbarten Beschaffenheit<\/span><\/li>\n<li><span style=\"font-weight: 400;\">b) bei nur unerheblicher Beeintr\u00e4chtigung der Brauchbarkeit,<\/span><\/li>\n<li><span style=\"font-weight: 400;\">c) bei nat\u00fcrlicher Abnutzung oder Verschlei\u00df oder<\/span><\/li>\n<li><span style=\"font-weight: 400;\">d) bei Sch\u00e4den, die nach dem Gefahr\u00fcbergang infolge fehlerhafter oder nachl\u00e4ssiger<\/span><\/li>\n<\/ol>\n<p><span style=\"font-weight: 400;\">Behandlung, \u00fcberm\u00e4\u00dfiger Beanspruchung, ungeeigneter Betriebsmittel, oder aufgrund<\/span><\/p>\n<p><span style=\"font-weight: 400;\">besonderer \u00e4u\u00dferer Einfl\u00fcsse entstehen, die nach dem Vertrag nicht vorausgesetzt sind.<\/span><\/p>\n<p><span style=\"font-weight: 400;\">Werden vom Kunden oder Dritten unsachgem\u00e4\u00df Instandsetzungsarbeiten oder \u00c4nderungen<\/span><\/p>\n<p><span style=\"font-weight: 400;\">vorgenommen, so bestehen f\u00fcr diese und die daraus entstehenden Folgen ebenfalls keine<\/span><\/p>\n<p><span style=\"font-weight: 400;\">M\u00e4ngelanspr\u00fcche.<\/span><\/p>\n<p><span style=\"font-weight: 400;\">(6) Anspr\u00fcche des Kunden wegen der zum Zweck der Nacherf\u00fcllung erforderlichen<\/span><\/p>\n<p><span style=\"font-weight: 400;\">Aufwendungen, insbesondere Transport-, Wege-, Arbeits- und Materialkosten, sind<\/span><\/p>\n<p><span style=\"font-weight: 400;\">ausgeschlossen, soweit die Aufwendungen sich erh\u00f6hen, weil die von uns gelieferte Ware<\/span><\/p>\n<p><span style=\"font-weight: 400;\">nachtr\u00e4glich an einen anderen Ort als die Niederlassung des Kunden oder den Lieferort (s. \u00a7 6<\/span><\/p>\n<p><span style=\"font-weight: 400;\">verbracht worden ist, es<\/span><\/p>\n<p><span style=\"font-weight: 400;\">sei denn, die Verbringung entspricht ihrem bestimmungsgem\u00e4\u00dfen Gebrauch.<\/span><\/p>\n<p><span style=\"font-weight: 400;\">(7) R\u00fcckgriffsanspr\u00fcche des Kunden gegen uns bestehen nur insoweit, als der Kunde<\/span><\/p>\n<p><span style=\"font-weight: 400;\">mit seinem Abnehmer keine \u00fcber die gesetzlich zwingenden M\u00e4ngelanspr\u00fcche hinausgehenden Vereinbarungen getroffen hat. F\u00fcr den Umfang des R\u00fcckgriffsanspruches des Kunden gilt ferner Absatz 5 entsprechend.<\/span><\/p>\n<p><span style=\"font-weight: 400;\">(8) Die Abtretung von M\u00e4ngelanspr\u00fcchen an Dritte ist ausgeschlossen.<\/span><\/p>\n<p><b>\u00a7 9 Haftung<\/b><\/p>\n<p><span style=\"font-weight: 400;\">(1) Wir haften uneingeschr\u00e4nkt nach den gesetzlichen Bestimmungen f\u00fcr Sch\u00e4den an Leben, K\u00f6rper und Gesundheit, die auf einer fahrl\u00e4ssigen oder vors\u00e4tzlichen Pflichtverletzung unsererseits, unseren gesetzlichen Vertretern oder unserer Erf\u00fcllungsgehilfen beruhen, sowie f\u00fcr Sch\u00e4den, die von der Haftung nach dem Produkthaftungsgesetz umfasst werden, sowie f\u00fcr Sch\u00e4den, die auf vors\u00e4tzlichen oder grob fahrl\u00e4ssigen Vertragsverletzungen sowie Arglist unsererseits, unserer gesetzlichen Vertreter oder Erf\u00fcllungsgehilfen beruhen. Soweit wir bez\u00fcglich der Ware oder Teile derselben eine Beschaffenheits- und\/oder Haltbarkeitsgarantie abgegeben haben, haften wir auch im Rahmen dieser Garantie. F\u00fcr Sch\u00e4den, die auf dem Fehlen der garantierten Beschaffenheit oder Haltbarkeit beruhen, aber nicht unmittelbar an der Ware eintreten, haften wir allerdings nur dann, wenn das Risiko eines solchen Schadens ersichtlich von der Beschaffenheits- und Haltbarkeitsgarantie erfasst ist.<\/span><\/p>\n<p><span style=\"font-weight: 400;\">(2) Wir haften auch f\u00fcr Sch\u00e4den, die durch einfache Fahrl\u00e4ssigkeit verursacht werden, soweit diese Fahrl\u00e4ssigkeit die Verletzung solcher Vertragspflichten betrifft, deren Einhaltung f\u00fcr die Erreichung des Vertragszweckes von besonderer Bedeutung ist. Das Gleiche gilt, wenn dem Kunden Anspr\u00fcche auf Schadensersatz statt der Leistung zustehen. Wir haften jedoch nur, soweit die Sch\u00e4den typischerweise mit dem Vertrag verbunden und vorhersehbar sind.<\/span><\/p>\n<p><span style=\"font-weight: 400;\">(3) Eine weitergehende Haftung unsererseits bei Verkauf einer Sache ist ohne R\u00fccksicht auf die<\/span><\/p>\n<p><span style=\"font-weight: 400;\">Rechtsnatur des geltend gemachten Anspruchs ausgeschlossen; dies gilt insbesondere auch f\u00fcr deliktische Anspr\u00fcche oder Anspr\u00fcche auf Ersatz vergeblicher Aufwendungen statt der Leistung. Soweit unsere Haftung ausgeschlossen oder beschr\u00e4nkt ist, gilt dies auch f\u00fcr die pers\u00f6nliche Haftung unserer Angestellten, Arbeitnehmer, Mitarbeiter, Vertreter oder Erf\u00fcllungsgehilfen.<\/span><\/p>\n<p><b>\u00a7 10 Eigentumsvorbehalt<\/b><\/p>\n<p><span style=\"font-weight: 400;\">(1) Wir behalten uns das Eigentum an der gelieferten Sache bis zur vollst\u00e4ndigen Zahlung<\/span><\/p>\n<p><span style=\"font-weight: 400;\">s\u00e4mtlicher Forderungen aus dem Kaufvertrag vor. Dies gilt auch f\u00fcr alle zuk\u00fcnftigen Lieferungen, auch wenn wir uns nicht stets ausdr\u00fccklich hierauf berufen. Wir sind berechtigt, die Kaufsache zur\u00fcckzunehmen, wenn der Kunde sich vertragswidrig verh\u00e4lt.<\/span><\/p>\n<p><span style=\"font-weight: 400;\">(2) Der Kunde ist verpflichtet, solange das Eigentum noch nicht auf ihn \u00fcbergegangen ist,<\/span><\/p>\n<ol>\n<li><span style=\"font-weight: 400;\">a) die Kaufsache pfleglich zu behandeln. M\u00fcssen Wartungs- und Inspektionsarbeiten durchgef\u00fchrt werden, hat der Kunde diese auf eigene Kosten rechtzeitig auszuf\u00fchren. Solange das Eigentum noch nicht \u00fcbergegangen ist, hat uns der Kunde zudem unverz\u00fcglich in Textform<\/span><\/li>\n<li><span style=\"font-weight: 400;\">b) zu benachrichtigen, wenn der gelieferte Gegenstand gepf\u00e4ndet oder sonstigen Eingriffen Dritter ausgesetzt ist. Soweit der Dritte nicht in der Lage ist, uns die gerichtlichen und au\u00dfergerichtlichen Kosten einer Klage gem\u00e4\u00df \u00a7 771 ZPO zu erstatten, haftet der Kunde f\u00fcr den uns entstandenen Ausfall.<\/span><\/li>\n<\/ol>\n<p><span style=\"font-weight: 400;\">(3) Der Kunde ist zur Weiterver\u00e4u\u00dferung der Vorbehaltsware im normalen Gesch\u00e4ftsverkehr<\/span><\/p>\n<p><span style=\"font-weight: 400;\">berechtigt. Die Forderungen des Kunden aus der Weiterver\u00e4u\u00dferung der Vorbehaltsware tritt<\/span><\/p>\n<p><span style=\"font-weight: 400;\">der Kunde schon jetzt an uns in H\u00f6he des mit uns vereinbarten Rechnungsendbetrages<\/span><\/p>\n<p><span style=\"font-weight: 400;\">(einschlie\u00dflich anfallender Mehrwert- und\/oder Umsatzsteuer) ab. Diese Abtretung gilt unabh\u00e4ngig davon, ob die Kaufsache ohne oder nach Verarbeitung weiterverkauft worden ist. Der Kunde bleibt zur Einziehung der Forderung auch nach der Abtretung erm\u00e4chtigt. Unsere Befugnis, die Forderung selbst einzuziehen, bleibt davon unber\u00fchrt. Wir werden jedoch die Forderung nicht einziehen, solange der Kunde seinen Zahlungsverpflichtungen aus den vereinnahmten Erl\u00f6sen nachkommt, nicht in Zahlungsverzug ist und insbesondere kein Antrag auf Er\u00f6ffnung eines Insolvenzverfahrens gestellt ist oder Zahlungseinstellung vorliegt.<\/span><\/p>\n<p><span style=\"font-weight: 400;\">(4) Die Be- und Verarbeitung oder Umbildung der Kaufsache durch den Kunden erfolgt stets namens und im Auftrag f\u00fcr uns. In diesem Fall setzt sich das Anwartschaftsrecht des Kunden an der Kaufsache an der umgebildeten Sache fort. Sofern die Kaufsache mit anderen, uns nicht geh\u00f6renden Gegenst\u00e4nden verarbeitet wird, erwerben wir das Miteigentum an der neuen Sache im Verh\u00e4ltnis des objektiven Wertes unserer Kaufsache zu den anderen bearbeiteten Gegenst\u00e4nden zur Zeit der Verarbeitung. Dasselbe gilt f\u00fcr den Fall der Vermischung. Sofern die Vermischung in der Weise erfolgt, dass die Sache des Kunden als Hauptsache anzusehen ist, gilt als vereinbart, dass der Kunde uns anteilm\u00e4\u00dfig Miteigentum \u00fcbertr\u00e4gt und das so entstandene Alleineigentum oder Miteigentum f\u00fcr uns verwahrt.<\/span><\/p>\n<p><span style=\"font-weight: 400;\">Zur Sicherung unserer Forderungen gegen den Kunden tritt der Kunde auch solche Forderungen an uns ab, die ihm durch die Verbindung der Vorbehaltsware mit einem Grundst\u00fcck gegen einen Dritten erwachsen; wir nehmen diese Abtretung schon jetzt an.<\/span><\/p>\n<p><span style=\"font-weight: 400;\">(5) Wir verpflichten uns, die uns zustehenden Sicherheiten auf Verlangen des Kunden<\/span><\/p>\n<p><span style=\"font-weight: 400;\">freizugeben, soweit ihr Wert die zu sichernden Forderungen um mehr als 10 % \u00fcbersteigt.<\/span><\/p>\n<p><b>\u00a7 11 Datenschutz<\/b><\/p>\n<p><span style=\"font-weight: 400;\">Der Besteller\/Kunde wird darauf hingewiesen, dass wir die Daten des Kunden zu dem<\/span><\/p>\n<p><span style=\"font-weight: 400;\">Gesch\u00e4ftsvorgang unter Einhaltung der gesetzlichen Bestimmungen EDV-m\u00e4\u00dfig speichern. Im<\/span><\/p>\n<p><span style=\"font-weight: 400;\">\u00dcbrigen verweisen wir auf die Darlegungen auf unserer Homepage unter<\/span><\/p>\n<p><span style=\"font-weight: 400;\">https:\/\/splitthandel.de\/datenschutz\/.<\/span><\/p>\n<p><b>\u00a7 12 Sonstiges<\/b><\/p>\n<p><span style=\"font-weight: 400;\">(1) Dieser Vertrag und die gesamten Rechtsbeziehungen der Parteien unterliegen dem Recht<\/span><\/p>\n<p><span style=\"font-weight: 400;\">der Bundesrepublik Deutschland. Die Anwendung der Rechtsnormen des deutschen<\/span><\/p>\n<p><span style=\"font-weight: 400;\">Kollisionsrechtes, soweit sie auf eine fremde Rechtsordnung verweisen, des einheitlichen UNKaufrechtes (CISG) oder sonstiger Konventionen \u00fcber das Recht des Warenverkaufs, ist<\/span><\/p>\n<p><span style=\"font-weight: 400;\">ausgeschlossen.<\/span><\/p>\n<p><span style=\"font-weight: 400;\">(2) Erf\u00fcllungsort und ausschlie\u00dflicher Gerichtsstand und f\u00fcr alle Streitigkeiten aus diesem<\/span><\/p>\n<p><span style=\"font-weight: 400;\">Vertrag ist unser Gesch\u00e4ftssitz in Wilsum, sofern sich aus der Auftragsbest\u00e4tigung nichts anderes ergibt.<\/span><\/p>\n<p><span style=\"font-weight: 400;\">(3) Abweichungen von diesem Vertrag sind in Textform zu vereinbaren. Dies gilt auch f\u00fcr dieses Textformerfordernis.<\/span><\/p>\n<\/div><\/div><\/div><\/div><\/div><\/div><\/section>","protected":false},"excerpt":{"rendered":"AGB\u00a71 Geltungsbereich (1) Diese Allgemeinen Gesch\u00e4ftsbedingungen gelten f\u00fcr s\u00e4mtliche Vertr\u00e4ge unseres Unternehmens, der GSH Splitt Handel GmbH (im Folgenden: GSH) mit Unternehmern, juristischen Personen des \u00f6ffentlichen Rechts oder \u00f6ffentlich-rechtlichen Sonderverm\u00f6gen im Sinne von \u00a7 310 Abs. 1 B\u00fcrgerliches Gesetzbuch (BGB) und sind Bestandteil dieser Vertr\u00e4ge. (2) Entgegenstehende oder von unseren Allgemeinen Gesch\u00e4ftsbedingungen abweichende Bedingungen des...","protected":false},"author":1,"featured_media":0,"parent":0,"menu_order":0,"comment_status":"closed","ping_status":"closed","template":"","meta":{"_acf_changed":false,"footnotes":""},"class_list":["post-1672","page","type-page","status-publish","hentry"],"acf":[],"_links":{"self":[{"href":"https:\/\/gsh-grosshandel.de\/en\/wp-json\/wp\/v2\/pages\/1672","targetHints":{"allow":["GET"]}}],"collection":[{"href":"https:\/\/gsh-grosshandel.de\/en\/wp-json\/wp\/v2\/pages"}],"about":[{"href":"https:\/\/gsh-grosshandel.de\/en\/wp-json\/wp\/v2\/types\/page"}],"author":[{"embeddable":true,"href":"https:\/\/gsh-grosshandel.de\/en\/wp-json\/wp\/v2\/users\/1"}],"replies":[{"embeddable":true,"href":"https:\/\/gsh-grosshandel.de\/en\/wp-json\/wp\/v2\/comments?post=1672"}],"version-history":[{"count":1,"href":"https:\/\/gsh-grosshandel.de\/en\/wp-json\/wp\/v2\/pages\/1672\/revisions"}],"predecessor-version":[{"id":1673,"href":"https:\/\/gsh-grosshandel.de\/en\/wp-json\/wp\/v2\/pages\/1672\/revisions\/1673"}],"wp:attachment":[{"href":"https:\/\/gsh-grosshandel.de\/en\/wp-json\/wp\/v2\/media?parent=1672"}],"curies":[{"name":"wp","href":"https:\/\/api.w.org\/{rel}","templated":true}]}}