{"id":1812,"date":"2025-08-17T18:36:27","date_gmt":"2025-08-17T16:36:27","guid":{"rendered":"https:\/\/development.gsh-grosshandel.de\/?page_id=1812"},"modified":"2025-08-17T18:36:27","modified_gmt":"2025-08-17T16:36:27","slug":"stone","status":"publish","type":"page","link":"https:\/\/gsh-grosshandel.de\/en\/stone\/","title":{"rendered":"Stone"},"content":{"rendered":"<section class=\"l-section wpb_row height_medium\"><div class=\"l-section-overlay\" style=\"background:rgba(234,234,234,0.8)\"><\/div><div class=\"l-section-h i-cf\"><div class=\"g-cols vc_row via_grid cols_2-1 laptops-cols_inherit tablets-cols_inherit mobiles-cols_1 valign_top type_default stacking_default\">\n<div class=\"wpb_column vc_column_container\"><div class=\"vc_column-inner\">\n<h1 class=\"w-text\"><span class=\"w-text-h\"><span class=\"w-text-value\">GSH STONE Garten Dekoration 2025<\/span><\/span><\/h1>\n<div class=\"wpb_text_column\"><div class=\"wpb_wrapper\"><p>Entdecken Sie unsere exklusive Kollektion hochwertiger Natursteinprodukte f\u00fcr den Garten: French Slate Monolithe, Showstone Marmor und Onyx, Basalt Brunnen und Bali Skulpturen. Premium Qualit\u00e4t direkt vom Steinbruch.<\/p>\n<\/div><\/div>\n<div class=\"w-separator size_small\"><\/div>\n<div class=\"wpb_text_column us_custom_02760847\"><div class=\"wpb_wrapper\"><h6 class=\"mb-2 mt-6 text-base font-&#091;500&#093; first:mt-0 md:text-lg dark:font- &#091;hr+&#038;&#093;:mt-4\"><strong>French Slate &#8211; Premium Schiefer aus Frankreich<\/strong><\/h6>\n<\/div><\/div>\n<div class=\"w-separator size_small\"><\/div>\n<div class=\"w-hwrapper valign_top wrap default_align_none laptops_align_none tablets_align_none mobiles_align_center\" style=\"--hwrapper-gap:0.7rem\">\n<div class=\"w-btn-wrapper align_none\"><a class=\"w-btn us-btn-style_3\" href=\"https:\/\/www.stone.be\/\"><span class=\"w-btn-label\">Katalog Anfordern \u2192<\/span><\/a><\/div>\n<div class=\"w-btn-wrapper align_none\"><a class=\"w-btn us-btn-style_4\" href=\"#produktsortiment\"><span class=\"w-btn-label\">Weitere Informationen \u2192<\/span><\/a><\/div>\n<\/div>\n<\/div><\/div>\n<div class=\"wpb_column vc_column_container\"><div class=\"vc_column-inner\">\n\n\t<div  class=\"wpb_single_image wpb_content_element vc_align_center wpb_content_element\">\n\t\t\n\t\t<figure class=\"wpb_wrapper vc_figure\">\n\t\t\t<div class=\"vc_single_image-wrapper   vc_box_border_grey\"><img decoding=\"async\" class=\"vc_img-placeholder vc_single_image-img\" src=\"https:\/\/gsh-grosshandel.de\/wp-content\/plugins\/js_composer\/assets\/vc\/no_image.png\" \/><\/div>\n\t\t<\/figure>\n\t<\/div>\n\n<\/div><\/div>\n<\/div><\/div><\/section>\n<section class=\"l-section wpb_row height_medium\" id=\"produktsortiment\"><div class=\"l-section-h i-cf\"><div class=\"g-cols vc_row via_grid cols_1 laptops-cols_inherit tablets-cols_inherit mobiles-cols_1 valign_top type_default stacking_default\">\n<div class=\"wpb_column vc_column_container\"><div class=\"vc_column-inner\">\n<h2 class=\"w-text us_custom_eb849559\"><span class=\"w-text-h\"><span class=\"w-text-value\">Unser Produktsortiment<\/span><\/span><\/h2>\n<div class=\"g-cols wpb_row via_grid cols_3 laptops-cols_inherit tablets-cols_inherit mobiles-cols_1 valign_top type_default stacking_default\" style=\"--columns-gap:1.5rem;\">\n<div class=\"wpb_column vc_column_container us_custom_7f811b24\"><div class=\"vc_column-inner\">\n<div class=\"w-iconbox iconpos_top style_outlined color_primary align_center\"><div class=\"w-iconbox-icon\" style=\"font-size:1rem;\"><i class=\"fal fa-mountain\"><\/i><\/div><div class=\"w-iconbox-meta\"><h6 class=\"w-iconbox-title\">French Slate<\/h6><div class=\"w-iconbox-text\"><p style=\"text-align: center;\"><span><strong>Herkunft:<\/strong> Frankreich<\/span><br \/>\n<span><strong>Material:<\/strong> Schiefer, frost- und tausalzbest\u00e4ndig<\/span><\/p>\n<p><span>Monolithe ohne\/mit Standfu\u00df (40-400cm), Brunnen mit Reservoir, Kaskadenbrunnen, Kreisbrunnen<\/span><\/p>\n<\/div><\/div><\/div>\n<\/div><\/div>\n<div class=\"wpb_column vc_column_container us_custom_7f811b24\"><div class=\"vc_column-inner\">\n<div class=\"w-iconbox iconpos_top style_outlined color_primary align_center\"><div class=\"w-iconbox-icon\" style=\"font-size:1rem;\"><i class=\"fal fa-gem\"><\/i><\/div><div class=\"w-iconbox-meta\"><h6 class=\"w-iconbox-title\">Showstone<\/h6><div class=\"w-iconbox-text\"><p style=\"text-align: center;\"><span><strong>Herkunft:<\/strong> Thailand<\/span><br \/>\n<span><strong>Material:<\/strong> Marmor &#038; Onyx, geschliffen und frostbest\u00e4ndig<\/span><\/p>\n<p><span>Bubble Stone, Dragon Stone, Basin Mini, Layerstone. Verschiedene Gewichtsklassen bis 200kg und \u00fcber 200kg<\/span><\/p>\n<\/div><\/div><\/div>\n<\/div><\/div>\n<div class=\"wpb_column vc_column_container us_custom_7f811b24\"><div class=\"vc_column-inner\">\n<div class=\"w-iconbox iconpos_top style_outlined color_primary align_center\"><div class=\"w-iconbox-icon\" style=\"font-size:1rem;\"><i class=\"fal fa-fountain\"><\/i><\/div><div class=\"w-iconbox-meta\"><h6 class=\"w-iconbox-title\">Basalt4Garden<\/h6><div class=\"w-iconbox-text\"><p style=\"text-align: center;\"><span><strong>Herkunft:<\/strong> China<\/span><br \/>\n<span><strong>Material:<\/strong> Basalt, frostbest\u00e4ndig<\/span><\/p>\n<p><span>S\u00e4ulenbrunnen, Blumenbrunnen, Gesichtsbrunnen, Trinkbrunnen, Spiralbrunnen, Skulpturen<\/span><\/p>\n<\/div><\/div><\/div>\n<\/div><\/div>\n<\/div>\n<div class=\"w-separator size_small\"><\/div>\n<div class=\"g-cols wpb_row via_grid cols_3 laptops-cols_inherit tablets-cols_inherit mobiles-cols_1 valign_top type_default stacking_default\" style=\"--columns-gap:1.5rem;\">\n<div class=\"wpb_column vc_column_container us_custom_7f811b24\"><div class=\"vc_column-inner\">\n<div class=\"w-iconbox iconpos_top style_outlined color_primary align_center\"><div class=\"w-iconbox-icon\" style=\"font-size:1rem;\"><i class=\"fal fa-praying-hands\"><\/i><\/div><div class=\"w-iconbox-meta\"><h6 class=\"w-iconbox-title\">Bali Skulpturen<\/h6><div class=\"w-iconbox-text\"><p style=\"text-align: center;\"><span><strong>Herkunft:<\/strong> Bali<\/span><br \/>\n<span><strong>Material:<\/strong> Basaltlava, frost- und tausalzbest\u00e4ndig<\/span><\/p>\n<p><span>Buddha Statuen (sitzend, stehend, liegend), Moai Figuren, Buddha K\u00f6pfe, Java T\u00f6pferwaren<\/span><\/p>\n<\/div><\/div><\/div>\n<\/div><\/div>\n<div class=\"wpb_column vc_column_container us_custom_7f811b24\"><div class=\"vc_column-inner\">\n<div class=\"w-iconbox iconpos_top style_outlined color_primary align_center\"><div class=\"w-iconbox-icon\" style=\"font-size:1rem;\"><i class=\"fal fa-circle\"><\/i><\/div><div class=\"w-iconbox-meta\"><h6 class=\"w-iconbox-title\">Polished Pebbles<\/h6><div class=\"w-iconbox-text\"><p style=\"text-align: center;\"><span><strong>Herkunft:<\/strong> Asien<\/span><br \/>\n<span><strong>Material:<\/strong> Verschiedene Natursteine, frostbest\u00e4ndig<\/span><\/p>\n<p><span>Onyx, Carrara Marmor, Pink Marmor, Green Marble, Absolute Black Basalt, Swiss Granite<\/span><\/p>\n<\/div><\/div><\/div>\n<\/div><\/div>\n<div class=\"wpb_column vc_column_container us_custom_7f811b24\"><div class=\"vc_column-inner\">\n<div class=\"w-iconbox iconpos_top style_outlined color_primary align_center\"><div class=\"w-iconbox-icon\" style=\"font-size:1rem;\"><i class=\"fal fa-chair\"><\/i><\/div><div class=\"w-iconbox-meta\"><h6 class=\"w-iconbox-title\">Gartenm\u00f6bel<\/h6><div class=\"w-iconbox-text\"><p style=\"text-align: center;\"><span><strong>Herkunft:<\/strong> Frankreich &#038; Asien<\/span><br \/>\n<span><strong>Material:<\/strong> Schiefer, Gneiss, frostbest\u00e4ndig<\/span><\/p>\n<p><span>French Slate B\u00e4nke, Biasca Chaise Longue, PVC Stone Bench &#8211; wetterfest und langlebig<\/span><\/p>\n<\/div><\/div><\/div>\n<\/div><\/div>\n<\/div>\n<\/div><\/div>\n<\/div><\/div><\/section>\n<section class=\"l-section wpb_row us_custom_c70c97eb height_medium\"><div class=\"l-section-h i-cf\"><div class=\"g-cols vc_row via_grid cols_1 laptops-cols_inherit tablets-cols_inherit mobiles-cols_1 valign_top type_default stacking_default\">\n<div class=\"wpb_column vc_column_container\"><div class=\"vc_column-inner\">\n<h2 class=\"w-text us_custom_eb849559\"><span class=\"w-text-h\"><span class=\"w-text-value\">Spezielle Angebote &#038; Sales<\/span><\/span><\/h2>\n<div class=\"wpb_text_column us_custom_eb849559\"><div class=\"wpb_wrapper\"><p style=\"text-align: center;\">Entdecken Sie unsere aktuellen Sonderangebote: Punto Pink &#038; Carrara Marble, Twin Rock Brunnen, Broken Egg Skulpturen und Japanese Walls. Begrenzte St\u00fcckzahl verf\u00fcgbar!<\/p>\n<\/div><\/div>\n<div class=\"w-separator size_small\"><\/div>\n<div class=\"g-cols wpb_row via_grid cols_2 laptops-cols_inherit tablets-cols_inherit mobiles-cols_1 valign_top type_default stacking_default\" style=\"--columns-gap:3rem;\">\n<div class=\"wpb_column vc_column_container\"><div class=\"vc_column-inner\">\n<div class=\"w-iconbox iconpos_left style_outlined color_primary align_left\"><div class=\"w-iconbox-icon\" style=\"font-size:1rem;\"><i class=\"fal fa-check\"><\/i><\/div><div class=\"w-iconbox-meta\"><h6 class=\"w-iconbox-title\">Punto Marble Collection<\/h6><div class=\"w-iconbox-text\"><p style=\"text-align: left;\"><span>Pink &#038; Carrara Marble in verschiedenen Gr\u00f6\u00dfen (80-180cm), gebohrt und ungebohrt verf\u00fcgbar.<\/span><\/p>\n<\/div><\/div><\/div>\n<div class=\"w-separator size_small\"><\/div>\n<div class=\"w-iconbox iconpos_left style_outlined color_primary align_left\"><div class=\"w-iconbox-icon\" style=\"font-size:1rem;\"><i class=\"fal fa-check\"><\/i><\/div><div class=\"w-iconbox-meta\"><h6 class=\"w-iconbox-title\">Twin Rock Brunnen<\/h6><div class=\"w-iconbox-text\"><p style=\"text-align: left;\"><span>Pink Marble und Carrara Fountain in 60-130cm, perfekt f\u00fcr moderne Gartengestaltung.<\/span><\/p>\n<\/div><\/div><\/div>\n<div class=\"w-separator size_small\"><\/div>\n<div class=\"w-iconbox iconpos_left style_outlined color_primary align_left\"><div class=\"w-iconbox-icon\" style=\"font-size:1rem;\"><i class=\"fal fa-check\"><\/i><\/div><div class=\"w-iconbox-meta\"><h6 class=\"w-iconbox-title\">Broken Egg Skulpturen<\/h6><div class=\"w-iconbox-text\"><p style=\"text-align: left;\"><span>Einzigartige Carrara und Blue Stone Skulpturen f\u00fcr au\u00dfergew\u00f6hnliche Akzente.<\/span><\/p>\n<\/div><\/div><\/div>\n<\/div><\/div>\n<div class=\"wpb_column vc_column_container\"><div class=\"vc_column-inner\">\n\n\t<div  class=\"wpb_single_image wpb_content_element vc_align_center wpb_content_element\">\n\t\t\n\t\t<figure class=\"wpb_wrapper vc_figure\">\n\t\t\t<div class=\"vc_single_image-wrapper   vc_box_border_grey\"><img decoding=\"async\" class=\"vc_img-placeholder vc_single_image-img\" src=\"https:\/\/gsh-grosshandel.de\/wp-content\/plugins\/js_composer\/assets\/vc\/no_image.png\" \/><\/div>\n\t\t<\/figure>\n\t<\/div>\n\n<\/div><\/div>\n<\/div>\n<div class=\"w-separator size_small\"><\/div>\n<div class=\"w-btn-wrapper align_none\"><a class=\"w-btn us-btn-style_3\" href=\"https:\/\/www.stone.be\/\"><span class=\"w-btn-label\">Sales Katalog Anzeigen \u2192<\/span><\/a><\/div>\n<\/div><\/div>\n<\/div><\/div><\/section>\n<section class=\"l-section wpb_row height_medium\"><div class=\"l-section-h i-cf\"><div class=\"g-cols vc_row via_grid cols_1 laptops-cols_inherit tablets-cols_inherit mobiles-cols_1 valign_top type_default stacking_default\">\n<div class=\"wpb_column vc_column_container\"><div class=\"vc_column-inner\">\n<h2 class=\"w-text us_custom_eb849559\"><span class=\"w-text-h\"><span class=\"w-text-value\">Lieferung &#038; Service<\/span><\/span><\/h2>\n<div class=\"wpb_text_column us_custom_eb849559\"><div class=\"wpb_wrapper\"><p style=\"text-align: center;\">Wir bieten flexible Lieferoptionen f\u00fcr alle Produktgruppen. Container oder direkte Lieferung vom Steinbruch m\u00f6glich.<\/p>\n<\/div><\/div>\n<div class=\"w-separator size_small\"><\/div>\n<div class=\"g-cols wpb_row via_grid cols_3 laptops-cols_inherit tablets-cols_inherit mobiles-cols_1 valign_top type_default stacking_default\" style=\"--columns-gap:1.5rem;\">\n<div class=\"wpb_column vc_column_container\"><div class=\"vc_column-inner\">\n\n\t<div  class=\"wpb_single_image wpb_content_element vc_align_center wpb_content_element\">\n\t\t\n\t\t<figure class=\"wpb_wrapper vc_figure\">\n\t\t\t<div class=\"vc_single_image-wrapper   vc_box_border_grey\"><img decoding=\"async\" class=\"vc_img-placeholder vc_single_image-img\" src=\"https:\/\/gsh-grosshandel.de\/wp-content\/plugins\/js_composer\/assets\/vc\/no_image.png\" \/><\/div>\n\t\t<\/figure>\n\t<\/div>\n\n<h4 class=\"w-text us_custom_eb849559\"><span class=\"w-text-h\"><span class=\"w-text-value\">Container Lieferung<\/span><\/span><\/h4>\n<div class=\"wpb_text_column us_custom_eb849559\"><div class=\"wpb_wrapper\"><p>FOB Bangkok, FOB Steinbruch &#8211; weltweite Lieferung m\u00f6glich<\/p>\n<\/div><\/div>\n<\/div><\/div>\n<div class=\"wpb_column vc_column_container\"><div class=\"vc_column-inner\">\n\n\t<div  class=\"wpb_single_image wpb_content_element vc_align_center wpb_content_element\">\n\t\t\n\t\t<figure class=\"wpb_wrapper vc_figure\">\n\t\t\t<div class=\"vc_single_image-wrapper   vc_box_border_grey\"><img decoding=\"async\" class=\"vc_img-placeholder vc_single_image-img\" src=\"https:\/\/gsh-grosshandel.de\/wp-content\/plugins\/js_composer\/assets\/vc\/no_image.png\" \/><\/div>\n\t\t<\/figure>\n\t<\/div>\n\n<h4 class=\"w-text us_custom_eb849559\"><span class=\"w-text-h\"><span class=\"w-text-value\">Direkt vom Steinbruch<\/span><\/span><\/h4>\n<div class=\"wpb_text_column us_custom_eb849559\"><div class=\"wpb_wrapper\"><p>Beste Qualit\u00e4t durch direkte Zusammenarbeit mit Steinbr\u00fcchen<\/p>\n<\/div><\/div>\n<\/div><\/div>\n<div class=\"wpb_column vc_column_container\"><div class=\"vc_column-inner\">\n\n\t<div  class=\"wpb_single_image wpb_content_element vc_align_center wpb_content_element\">\n\t\t\n\t\t<figure class=\"wpb_wrapper vc_figure\">\n\t\t\t<div class=\"vc_single_image-wrapper   vc_box_border_grey\"><img decoding=\"async\" class=\"vc_img-placeholder vc_single_image-img\" src=\"https:\/\/gsh-grosshandel.de\/wp-content\/plugins\/js_composer\/assets\/vc\/no_image.png\" \/><\/div>\n\t\t<\/figure>\n\t<\/div>\n\n<h4 class=\"w-text us_custom_eb849559\"><span class=\"w-text-h\"><span class=\"w-text-value\">Individuelle Anfragen<\/span><\/span><\/h4>\n<div class=\"wpb_text_column us_custom_eb849559\"><div class=\"wpb_wrapper\"><p>Preise und Verf\u00fcgbarkeit auf Anfrage &#8211; ma\u00dfgeschneiderte L\u00f6sungen<\/p>\n<\/div><\/div>\n<\/div><\/div>\n<\/div>\n<\/div><\/div>\n<\/div><\/div><\/section>\n<section class=\"l-section wpb_row us_custom_c70c97eb height_medium\" id=\"kontakt\"><div class=\"l-section-h i-cf\"><div class=\"g-cols vc_row via_grid cols_1 laptops-cols_inherit tablets-cols_inherit mobiles-cols_1 valign_top type_default stacking_default\">\n<div class=\"wpb_column vc_column_container\"><div class=\"vc_column-inner\">\n<h2 class=\"w-text us_custom_eb849559\"><span class=\"w-text-h\"><span class=\"w-text-value\">Kontakt &#038; Beratung<\/span><\/span><\/h2>\n<div class=\"w-separator size_small\"><\/div>\n<div class=\"wpb_text_column us_custom_eb849559\"><div class=\"wpb_wrapper\"><p style=\"text-align: center;\">F\u00fcr detaillierte Informationen, Preise und individuelle Beratung kontaktieren Sie uns gerne. Wir freuen uns auf Ihre Anfrage!<\/p>\n<\/div><\/div>\n<div class=\"w-separator size_small\"><\/div>\n<div class=\"g-cols wpb_row via_grid cols_3-1 laptops-cols_inherit tablets-cols_inherit mobiles-cols_1 valign_top type_default stacking_default\" style=\"--columns-gap:1.5rem;\">\n<div class=\"wpb_column vc_column_container us_custom_b1164030 has_bg_color\"><div class=\"vc_column-inner\">\n<h5 class=\"w-text\"><span class=\"w-text-h\"><span class=\"w-text-value\">Send inquiry<\/span><\/span><\/h5>\n<form class=\"w-form  us-field-style_1 layout_ver for_cform us_form_1\" autocomplete=\"off\" action=\"https:\/\/gsh-grosshandel.de\/en\/en\/wp-json\/wp\/v2\/pages\/1812\" method=\"post\" data-trp-original-action=\"https:\/\/gsh-grosshandel.de\/en\/en\/wp-json\/wp\/v2\/pages\/1812\"><div class=\"w-form-h\"><div class=\"w-form-row for_text has_label required cols_2\">\r\n\t\t\t<div class=\"w-form-row-label\">\r\n\t\t\t<span>Name *<\/span>\r\n\t\t<\/div>\r\n\t\t<div class=\"w-form-row-field\">\r\n\t\t\t\t\t\t<input aria-label=\"Name\" type=\"text\" name=\"us_form_1_text_1\" value placeholder=\"Ihr Name\" data-required=\"true\" aria-required=\"true\"\/>\r\n\t\t\t<\/div>\r\n\t\t<div class=\"w-form-row-state\">Fill out this field<\/div>\r\n<\/div>\r\n<div class=\"w-form-row for_text has_label cols_2\">\r\n\t\t\t<div class=\"w-form-row-label\">\r\n\t\t\t<span>Firma (Optional)<\/span>\r\n\t\t<\/div>\r\n\t\t<div class=\"w-form-row-field\">\r\n\t\t\t\t\t\t<input aria-label=\"Firma (Optional)\" type=\"text\" name=\"us_form_1_text_2\" value placeholder=\"Ihre Firma\"\/>\r\n\t\t\t<\/div>\r\n\t\t<div class=\"w-form-row-state\">Fill out this field<\/div>\r\n<\/div>\r\n<div class=\"w-form-row for_text has_label required cols_2\">\r\n\t\t\t<div class=\"w-form-row-label\">\r\n\t\t\t<span>E-Mail *<\/span>\r\n\t\t<\/div>\r\n\t\t<div class=\"w-form-row-field\">\r\n\t\t\t\t\t\t<input aria-label=\"E-Mail\" type=\"text\" name=\"us_form_1_text_3\" value placeholder=\"Ihre E-Mail\" data-required=\"true\" aria-required=\"true\"\/>\r\n\t\t\t<\/div>\r\n\t\t<div class=\"w-form-row-state\">Fill out this field<\/div>\r\n<\/div>\r\n<div class=\"w-form-row for_text has_label required cols_2\">\r\n\t\t\t<div class=\"w-form-row-label\">\r\n\t\t\t<span>Telefon *<\/span>\r\n\t\t<\/div>\r\n\t\t<div class=\"w-form-row-field\">\r\n\t\t\t\t\t\t<input aria-label=\"Telefon\" type=\"text\" name=\"us_form_1_text_4\" value placeholder=\"Ihre Telefonnummer\" data-required=\"true\" aria-required=\"true\"\/>\r\n\t\t\t<\/div>\r\n\t\t<div class=\"w-form-row-state\">Fill out this field<\/div>\r\n<\/div>\r\n<div class=\"w-form-row for_text has_label required\">\r\n\t\t\t<div class=\"w-form-row-label\">\r\n\t\t\t<span>Interessierte Produkte *<\/span>\r\n\t\t<\/div>\r\n\t\t<div class=\"w-form-row-field\">\r\n\t\t\t\t\t\t<input aria-label=\"Interessierte Produkte\" type=\"text\" name=\"us_form_1_text_5\" value placeholder=\"Welche Produkte interessieren Sie?\" data-required=\"true\" aria-required=\"true\"\/>\r\n\t\t\t<\/div>\r\n\t\t<div class=\"w-form-row-state\">Fill out this field<\/div>\r\n<\/div>\r\n<div class=\"w-form-row for_textarea has_label required\">\r\n\t\t\t<div class=\"w-form-row-label\">\r\n\t\t\t<span>Nachricht *<\/span>\r\n\t\t<\/div>\r\n\t\t<div class=\"w-form-row-field\">\r\n\t\t\t\t\t\t<textarea aria-label=\"Nachricht\" name=\"us_form_1_textarea_1\" placeholder=\"Ihre Nachricht an uns...\" data-required=\"true\" aria-required=\"true\"><\/textarea>\r\n\t\t\t<\/div>\r\n\t\t<div class=\"w-form-row-state\">Fill out this field<\/div>\r\n<\/div>\r\n<input type=\"hidden\" name=\"action\" value=\"us_ajax_cform\" \/>\r\n<input type=\"hidden\" name=\"post_id\" value=\"0\" \/>\r\n<input type=\"hidden\" name=\"form_index\" value=\"1\" \/>\r\n<div class=\"w-form-row for_submit align_none\">\r\n\t<button class=\"w-btn icon_atleft us-btn-style_3\" aria-label=\"Submit\" type=\"submit\" style=\"font-size:100%;\">\r\n\t\t<span class=\"g-preloader type_1\"><\/span>\r\n\t\t<i class=\"fas fa-arrow-right\"><\/i>\t\t<span class=\"w-btn-label\">Submit<\/span>\r\n\t\t\t<\/button>\r\n\t<\/div>\r\n<\/div><div class=\"w-form-message\"><\/div><div class=\"w-form-json hidden\" onclick='return {&quot;ajaxurl&quot;:&quot;https:\\\/\\\/gsh-grosshandel.de\\\/wp-admin\\\/admin-ajax.php&quot;,&quot;messages&quot;:{&quot;err_empty&quot;:&quot;Fill out this field&quot;,&quot;err_size&quot;:&quot;File size cannot exceed %s MB&quot;,&quot;err_extension&quot;:&quot;%s file type is not allowed&quot;,&quot;err_recaptcha_keys&quot;:&quot;reCAPTCHA keys are incorrect&quot;}}'><\/div><input type=\"hidden\" name=\"trp-form-language\" value=\"en\"\/><\/form>\n<\/div><\/div>\n<div class=\"wpb_column vc_column_container us_custom_b1164030 has_bg_color\"><div class=\"vc_column-inner\">\n<h5 class=\"w-text\"><span class=\"w-text-h\"><span class=\"w-text-value\">Kontaktdaten<\/span><\/span><\/h5>\n<div class=\"w-iconbox iconpos_left style_outlined color_primary align_left\"><div class=\"w-iconbox-icon\" style=\"font-size:1rem;\"><i class=\"fal fa-globe\"><\/i><\/div><div class=\"w-iconbox-meta\"><h6 class=\"w-iconbox-title\">Website<\/h6><div class=\"w-iconbox-text\"><p style=\"text-align: left;\">www.stone.be<\/p>\n<\/div><\/div><\/div>\n<div class=\"w-separator size_small\"><\/div>\n<div class=\"w-iconbox iconpos_left style_outlined color_primary align_left\"><div class=\"w-iconbox-icon\" style=\"font-size:1rem;\"><i class=\"fal fa-envelope\"><\/i><\/div><div class=\"w-iconbox-meta\"><h6 class=\"w-iconbox-title\">Newsletter<\/h6><div class=\"w-iconbox-text\"><p style=\"text-align: left;\">Aktuelle Angebote und Neuheiten per E-Mail erhalten<\/p>\n<\/div><\/div><\/div>\n<div class=\"w-separator size_small\"><\/div>\n<div class=\"w-btn-wrapper align_none\"><a class=\"w-btn us-btn-style_4\" href=\"https:\/\/420570.eu2.cleverreach.com\/m\/16077447\/553224-5a3fe5f271cda11c513c23ae85f87b048456d361b10333b8b94f14702a40ab907966f65cde8db90f84f191806797f405\"><span class=\"w-btn-label\">Newsletter Anmelden<\/span><\/a><\/div>\n<\/div><\/div>\n<\/div>\n<\/div><\/div>\n<\/div><\/div><\/section>","protected":false},"excerpt":{"rendered":"GSH STONE Garten Dekoration 2025 Entdecken Sie unsere exklusive Kollektion hochwertiger Natursteinprodukte f\u00fcr den Garten: French Slate Monolithe, Showstone Marmor und Onyx, Basalt Brunnen und Bali Skulpturen. Premium Qualit\u00e4t direkt vom Steinbruch. French Slate &#8211; Premium Schiefer aus Frankreich Katalog Anfordern \u2192 Weitere Informationen \u2192 Unser Produktsortiment French SlateHerkunft: Frankreich Material: Schiefer, frost- und tausalzbest\u00e4ndig...","protected":false},"author":1,"featured_media":0,"parent":0,"menu_order":0,"comment_status":"closed","ping_status":"closed","template":"","meta":{"_acf_changed":false,"footnotes":""},"class_list":["post-1812","page","type-page","status-publish","hentry"],"acf":[],"_links":{"self":[{"href":"https:\/\/gsh-grosshandel.de\/en\/wp-json\/wp\/v2\/pages\/1812","targetHints":{"allow":["GET"]}}],"collection":[{"href":"https:\/\/gsh-grosshandel.de\/en\/wp-json\/wp\/v2\/pages"}],"about":[{"href":"https:\/\/gsh-grosshandel.de\/en\/wp-json\/wp\/v2\/types\/page"}],"author":[{"embeddable":true,"href":"https:\/\/gsh-grosshandel.de\/en\/wp-json\/wp\/v2\/users\/1"}],"replies":[{"embeddable":true,"href":"https:\/\/gsh-grosshandel.de\/en\/wp-json\/wp\/v2\/comments?post=1812"}],"version-history":[{"count":3,"href":"https:\/\/gsh-grosshandel.de\/en\/wp-json\/wp\/v2\/pages\/1812\/revisions"}],"predecessor-version":[{"id":4666,"href":"https:\/\/gsh-grosshandel.de\/en\/wp-json\/wp\/v2\/pages\/1812\/revisions\/4666"}],"wp:attachment":[{"href":"https:\/\/gsh-grosshandel.de\/en\/wp-json\/wp\/v2\/media?parent=1812"}],"curies":[{"name":"wp","href":"https:\/\/api.w.org\/{rel}","templated":true}]}}