{"id":1110,"date":"2025-07-11T15:41:00","date_gmt":"2025-07-11T13:41:00","guid":{"rendered":"http:\/\/development.gsh-grosshandel.de\/produkt\/wegedecke-rot-spezial\/"},"modified":"2026-04-29T19:32:05","modified_gmt":"2026-04-29T17:32:05","slug":"wegedecke-rot-spezial","status":"publish","type":"product","link":"https:\/\/gsh-grosshandel.de\/en\/product\/wegedecke-rot-spezial\/","title":{"rendered":"Wegedecke Rot, 0 &#8211; 8 mm"},"content":{"rendered":"<p>wassergebundene Wegedecke sind nat\u00fcrlich aussehende, nachhaltige und wasserdurchl\u00e4ssige L\u00f6sungen mit umweltfreundlichen Eigenschaften f\u00fcr den Einsatz in G\u00e4rten, Parks und Landschaften. Sie bieten Stabilit\u00e4t, verringern Hitzestress und eignen sich f\u00fcr Wanderwege, Radwege, H\u00e4nge und Landstra\u00dfen<br \/>\nwassergebundene Wegedecke<br \/>\no\tRot<br \/>\no\tKorngr\u00f6sse 0-8 mm<br \/>\no\t100% Proctordichte (Feucht 5-10%) : 2.100 Kg\/M3<br \/>\no\tnat\u00fcrliche Bindung<br \/>\no\tentmischungssicher bei dynamischer Verdichtung<br \/>\no\tv\u00f6llig wiederverwendbar<br \/>\no              Mindestaufbau 4 cm<\/p>\n<p>o              Durch das Verdichten mit einer Walze oder R\u00fcttelplatte                 verringert sich die Deckschicht um 1,5 bis 1,8 cm.<\/p>","protected":false},"excerpt":{"rendered":"<p>wassergebundene Wegedecke sind nat\u00fcrlich aussehende, nachhaltige und wasserdurchl\u00e4ssige L\u00f6sungen mit umweltfreundlichen Eigenschaften f\u00fcr den Einsatz in G\u00e4rten, Parks und Landschaften. Sie bieten Stabilit\u00e4t, verringern Hitzestress und eignen sich f\u00fcr Wanderwege, Radwege, H\u00e4nge und Landstra\u00dfen wassergebundene Wegedecke o Rot o Korngr\u00f6sse 0-8 mm o 100% Proctordichte (Feucht 5-10%) : 2.100 Kg\/M3 o nat\u00fcrliche Bindung o entmischungssicher&#8230;<\/p>","protected":false},"featured_media":1111,"comment_status":"open","ping_status":"closed","template":"","meta":{"_acf_changed":false},"product_brand":[],"product_cat":[68],"product_tag":[],"class_list":{"0":"post-1110","1":"product","2":"type-product","3":"status-publish","4":"has-post-thumbnail","6":"product_cat-wegedecke","8":"first","9":"instock","10":"shipping-taxable","11":"purchasable","12":"product-type-simple"},"acf":[],"_links":{"self":[{"href":"https:\/\/gsh-grosshandel.de\/en\/wp-json\/wp\/v2\/product\/1110","targetHints":{"allow":["GET"]}}],"collection":[{"href":"https:\/\/gsh-grosshandel.de\/en\/wp-json\/wp\/v2\/product"}],"about":[{"href":"https:\/\/gsh-grosshandel.de\/en\/wp-json\/wp\/v2\/types\/product"}],"replies":[{"embeddable":true,"href":"https:\/\/gsh-grosshandel.de\/en\/wp-json\/wp\/v2\/comments?post=1110"}],"wp:featuredmedia":[{"embeddable":true,"href":"https:\/\/gsh-grosshandel.de\/en\/wp-json\/wp\/v2\/media\/1111"}],"wp:attachment":[{"href":"https:\/\/gsh-grosshandel.de\/en\/wp-json\/wp\/v2\/media?parent=1110"}],"wp:term":[{"taxonomy":"product_brand","embeddable":true,"href":"https:\/\/gsh-grosshandel.de\/en\/wp-json\/wp\/v2\/product_brand?post=1110"},{"taxonomy":"product_cat","embeddable":true,"href":"https:\/\/gsh-grosshandel.de\/en\/wp-json\/wp\/v2\/product_cat?post=1110"},{"taxonomy":"product_tag","embeddable":true,"href":"https:\/\/gsh-grosshandel.de\/en\/wp-json\/wp\/v2\/product_tag?post=1110"}],"curies":[{"name":"wp","href":"https:\/\/api.w.org\/{rel}","templated":true}]}}