{"id":981,"date":"2025-07-11T15:28:37","date_gmt":"2025-07-11T13:28:37","guid":{"rendered":"http:\/\/development.gsh-grosshandel.de\/produkt\/col-met-2mm-verzinkt-spezial\/"},"modified":"2026-05-03T19:30:54","modified_gmt":"2026-05-03T17:30:54","slug":"col-met-2mm-verzinkt-spezial","status":"publish","type":"product","link":"https:\/\/gsh-grosshandel.de\/en\/product\/col-met-2mm-verzinkt-spezial\/","title":{"rendered":"COL-MET 2mm, verzinkt"},"content":{"rendered":"<p>-Verpackungseinheit: 5 Stk. im B\u00fcndel<br \/>\n-L\u00e4nge 225 cm x H\u00f6he 10,20 cm<br \/>\n-St\u00e4rke 2mm<br \/>\n15 Erdspie\u00dfe, H\u00f6he 30,5 cm lose<br \/>\n-Effektivl\u00e4nge: 205 cm\/Stk<\/p>","protected":false},"excerpt":{"rendered":"<p>-Verpackungseinheit: 5 Stk. im B\u00fcndel -L\u00e4nge 225 cm x H\u00f6he 10,20 cm -St\u00e4rke 2mm 15 Erdspie\u00dfe, H\u00f6he 30,5 cm lose -Effektivl\u00e4nge: 205 cm\/Stk<\/p>","protected":false},"featured_media":982,"comment_status":"open","ping_status":"closed","template":"","meta":{"_acf_changed":false},"product_brand":[],"product_cat":[53],"product_tag":[],"class_list":{"0":"post-981","1":"product","2":"type-product","3":"status-publish","4":"has-post-thumbnail","6":"product_cat-randeinfassung","8":"first","9":"instock","10":"shipping-taxable","11":"purchasable","12":"product-type-simple"},"acf":[],"_links":{"self":[{"href":"https:\/\/gsh-grosshandel.de\/en\/wp-json\/wp\/v2\/product\/981","targetHints":{"allow":["GET"]}}],"collection":[{"href":"https:\/\/gsh-grosshandel.de\/en\/wp-json\/wp\/v2\/product"}],"about":[{"href":"https:\/\/gsh-grosshandel.de\/en\/wp-json\/wp\/v2\/types\/product"}],"replies":[{"embeddable":true,"href":"https:\/\/gsh-grosshandel.de\/en\/wp-json\/wp\/v2\/comments?post=981"}],"wp:featuredmedia":[{"embeddable":true,"href":"https:\/\/gsh-grosshandel.de\/en\/wp-json\/wp\/v2\/media\/982"}],"wp:attachment":[{"href":"https:\/\/gsh-grosshandel.de\/en\/wp-json\/wp\/v2\/media?parent=981"}],"wp:term":[{"taxonomy":"product_brand","embeddable":true,"href":"https:\/\/gsh-grosshandel.de\/en\/wp-json\/wp\/v2\/product_brand?post=981"},{"taxonomy":"product_cat","embeddable":true,"href":"https:\/\/gsh-grosshandel.de\/en\/wp-json\/wp\/v2\/product_cat?post=981"},{"taxonomy":"product_tag","embeddable":true,"href":"https:\/\/gsh-grosshandel.de\/en\/wp-json\/wp\/v2\/product_tag?post=981"}],"curies":[{"name":"wp","href":"https:\/\/api.w.org\/{rel}","templated":true}]}}